{"id":115,"date":"2024-01-03T18:06:58","date_gmt":"2024-01-03T21:06:58","guid":{"rendered":"https:\/\/cmecursos.com.br\/?page_id=115"},"modified":"2025-07-25T17:18:23","modified_gmt":"2025-07-25T20:18:23","slug":"especializacao-lato-sensu","status":"publish","type":"page","link":"https:\/\/cmecursos.com.br\/index.php\/especializacao-lato-sensu\/","title":{"rendered":"Especializa\u00e7\u00e3o Lato Sensu"},"content":{"rendered":"\t\t<div data-elementor-type=\"wp-page\" data-elementor-id=\"115\" class=\"elementor elementor-115\">\n\t\t\t\t<div class=\"elementor-element elementor-element-dee7606 e-flex e-con-boxed e-con e-parent\" data-id=\"dee7606\" data-element_type=\"container\" data-e-type=\"container\" data-settings=\"{&quot;background_background&quot;:&quot;gradient&quot;}\">\n\t\t\t\t\t<div class=\"e-con-inner\">\n\t\t<div class=\"elementor-element elementor-element-f71727a e-flex e-con-boxed e-con e-child\" data-id=\"f71727a\" data-element_type=\"container\" data-e-type=\"container\">\n\t\t\t\t\t<div class=\"e-con-inner\">\n\t\t\t\t<div class=\"elementor-element elementor-element-273c101 elementor-widget__width-initial elementor-widget elementor-widget-heading\" data-id=\"273c101\" data-element_type=\"widget\" data-e-type=\"widget\" data-widget_type=\"heading.default\">\n\t\t\t\t<div class=\"elementor-widget-container\">\n\t\t\t\t\t<h2 class=\"elementor-heading-title elementor-size-default\">Especializa\u00e7\u00e3o Lato Sensu\n<\/h2>\t\t\t\t<\/div>\n\t\t\t\t<\/div>\n\t\t\t\t\t<\/div>\n\t\t\t\t<\/div>\n\t\t\t\t\t<\/div>\n\t\t\t\t<\/div>\n\t\t<div class=\"elementor-element elementor-element-2ce80f3 e-flex e-con-boxed e-con e-parent\" data-id=\"2ce80f3\" data-element_type=\"container\" data-e-type=\"container\">\n\t\t\t\t\t<div class=\"e-con-inner\">\n\t\t<div class=\"elementor-element elementor-element-e0f9b68 e-con-full e-flex e-con e-child\" data-id=\"e0f9b68\" data-element_type=\"container\" data-e-type=\"container\">\n\t\t\t\t<div class=\"elementor-element elementor-element-77d8c67 elementor-widget elementor-widget-image\" data-id=\"77d8c67\" data-element_type=\"widget\" data-e-type=\"widget\" data-widget_type=\"image.default\">\n\t\t\t\t<div class=\"elementor-widget-container\">\n\t\t\t\t\t\t\t\t\t\t\t\t\t\t\t<img fetchpriority=\"high\" decoding=\"async\" width=\"800\" height=\"640\" src=\"https:\/\/cmecursos.com.br\/wp-content\/uploads\/2025\/07\/medico-osteopata-verificando-o-movimento-das-pernas-de-pacientes-sexo-feminino-1024x819.jpg\" class=\"attachment-large size-large wp-image-657\" alt=\"\" srcset=\"https:\/\/cmecursos.com.br\/wp-content\/uploads\/2025\/07\/medico-osteopata-verificando-o-movimento-das-pernas-de-pacientes-sexo-feminino-1024x819.jpg 1024w, https:\/\/cmecursos.com.br\/wp-content\/uploads\/2025\/07\/medico-osteopata-verificando-o-movimento-das-pernas-de-pacientes-sexo-feminino-300x240.jpg 300w, https:\/\/cmecursos.com.br\/wp-content\/uploads\/2025\/07\/medico-osteopata-verificando-o-movimento-das-pernas-de-pacientes-sexo-feminino-768x614.jpg 768w, https:\/\/cmecursos.com.br\/wp-content\/uploads\/2025\/07\/medico-osteopata-verificando-o-movimento-das-pernas-de-pacientes-sexo-feminino-1536x1229.jpg 1536w, https:\/\/cmecursos.com.br\/wp-content\/uploads\/2025\/07\/medico-osteopata-verificando-o-movimento-das-pernas-de-pacientes-sexo-feminino-2048x1638.jpg 2048w\" sizes=\"(max-width: 800px) 100vw, 800px\" \/>\t\t\t\t\t\t\t\t\t\t\t\t\t\t\t<\/div>\n\t\t\t\t<\/div>\n\t\t\t\t<div class=\"elementor-element elementor-element-558bc8e elementor-widget elementor-widget-heading\" data-id=\"558bc8e\" data-element_type=\"widget\" data-e-type=\"widget\" data-widget_type=\"heading.default\">\n\t\t\t\t<div class=\"elementor-widget-container\">\n\t\t\t\t\t<h2 class=\"elementor-heading-title elementor-size-default\"><a href=\"https:\/\/cmecursos.com.br\/index.php\/especializacao-ortopedia-terapia-manual\/\/\"><span style=\"font-size: 2rem\">P\u00f3s-gradua\u00e7\u00e3o em Fisioterapia Ortop\u00e9dica com Capacita\u00e7\u00e3o em Terapia Manual e Exerc\u00edcios Terap\u00eauticos<\/span><\/a><\/h2>\t\t\t\t<\/div>\n\t\t\t\t<\/div>\n\t\t\t\t<div class=\"elementor-element elementor-element-2a96385 elementor-button-success elementor-widget elementor-widget-button\" data-id=\"2a96385\" data-element_type=\"widget\" data-e-type=\"widget\" data-widget_type=\"button.default\">\n\t\t\t\t<div class=\"elementor-widget-container\">\n\t\t\t\t\t\t\t\t\t<div class=\"elementor-button-wrapper\">\n\t\t\t\t\t<a class=\"elementor-button elementor-button-link elementor-size-md\" href=\"https:\/\/cmecursos.com.br\/index.php\/especializacao-ortopedia-terapia-manual\/\/\">\n\t\t\t\t\t\t<span class=\"elementor-button-content-wrapper\">\n\t\t\t\t\t\t\t\t\t<span class=\"elementor-button-text\">Ver mais<\/span>\n\t\t\t\t\t<\/span>\n\t\t\t\t\t<\/a>\n\t\t\t\t<\/div>\n\t\t\t\t\t\t\t\t<\/div>\n\t\t\t\t<\/div>\n\t\t\t\t<\/div>\n\t\t<div class=\"elementor-element elementor-element-acd79ec e-con-full e-flex e-con e-child\" data-id=\"acd79ec\" data-element_type=\"container\" data-e-type=\"container\" data-settings=\"{&quot;background_background&quot;:&quot;gradient&quot;}\">\n\t\t\t\t<div class=\"elementor-element elementor-element-5738134 elementor-widget elementor-widget-text-editor\" data-id=\"5738134\" data-element_type=\"widget\" data-e-type=\"widget\" data-widget_type=\"text-editor.default\">\n\t\t\t\t<div class=\"elementor-widget-container\">\n\t\t\t\t\t\t\t\t\t<h2>O que voc\u00ea vai encontrar nesta P\u00f3s-gradua\u00e7\u00e3o?<\/h2>\n<p>\u00a0<\/p>\n<p>O curso de P\u00f3s-Gradua\u00e7\u00e3o em Fisioterapia Ortop\u00e9dica com Capacita\u00e7\u00e3o em Terapia Manual e Exerc\u00edcios Terap\u00eauticos foi cuidadosamente estruturado para oferecer ao fisioterapeuta uma forma\u00e7\u00e3o s\u00f3lida, atualizada e altamente aplic\u00e1vel \u00e0 pr\u00e1tica profissional. Com um corpo docente formado por mestres e doutores com ampla experi\u00eancia cl\u00ednica e acad\u00eamica, o curso proporciona uma imers\u00e3o completa nos fundamentos da Fisioterapia Ortop\u00e9dica contempor\u00e2nea.<\/p>\n<p>A matriz curricular abrange desde os princ\u00edpios biomec\u00e2nicos, neurofisiol\u00f3gicos e principais patologias ortop\u00e9dicas at\u00e9 as mais modernas abordagens de avalia\u00e7\u00e3o e tratamento, com \u00eanfase na integra\u00e7\u00e3o entre terapia manual (<em>conceitos Maitland, Mulligan, Mckenzie<\/em>) e prescri\u00e7\u00e3o de exerc\u00edcios terap\u00eauticos.\u00a0<\/p>\n<p>O conte\u00fado te\u00f3rico \u00e9 aliado a uma carga hor\u00e1ria expressiva de aulas pr\u00e1ticas, promovendo a viv\u00eancia real de t\u00e9cnicas e protocolos baseados em evid\u00eancias cient\u00edficas, sempre com foco na individualiza\u00e7\u00e3o do atendimento e na funcionalidade do paciente.<\/p>\n<p>Durante a forma\u00e7\u00e3o, os alunos ter\u00e3o acesso a recursos did\u00e1ticos atualizados, laborat\u00f3rios bem equipados e estudos de caso cl\u00ednicos supervisionados, al\u00e9m da oportunidade de desenvolver habilidades avan\u00e7adas em mobiliza\u00e7\u00f5es articulares, t\u00e9cnicas miofasciais, controle motor, estabiliza\u00e7\u00e3o segmentar e reabilita\u00e7\u00e3o funcional.<\/p>\n<p><strong>Transforme sua carreira com uma especializa\u00e7\u00e3o de qualidade. Seja refer\u00eancia em Fisioterapia Ortop\u00e9dica!<\/strong><\/p>\t\t\t\t\t\t\t\t<\/div>\n\t\t\t\t<\/div>\n\t\t\t\t<\/div>\n\t\t\t\t\t<\/div>\n\t\t\t\t<\/div>\n\t\t<div class=\"elementor-element elementor-element-44a1c7e e-flex e-con-boxed e-con e-parent\" data-id=\"44a1c7e\" data-element_type=\"container\" data-e-type=\"container\">\n\t\t\t\t\t<div class=\"e-con-inner\">\n\t\t<div class=\"elementor-element elementor-element-8d153e1 e-con-full e-flex e-con e-child\" data-id=\"8d153e1\" data-element_type=\"container\" data-e-type=\"container\">\n\t\t\t\t<div class=\"elementor-element elementor-element-99d5e8e elementor-widget elementor-widget-image\" data-id=\"99d5e8e\" data-element_type=\"widget\" data-e-type=\"widget\" data-widget_type=\"image.default\">\n\t\t\t\t<div class=\"elementor-widget-container\">\n\t\t\t\t\t\t\t\t\t\t\t\t\t\t\t<img decoding=\"async\" width=\"683\" height=\"1024\" src=\"https:\/\/cmecursos.com.br\/wp-content\/uploads\/2025\/07\/mulher-fazendo-tratamento-facial-683x1024.jpg\" class=\"attachment-large size-large wp-image-665\" alt=\"\" srcset=\"https:\/\/cmecursos.com.br\/wp-content\/uploads\/2025\/07\/mulher-fazendo-tratamento-facial-683x1024.jpg 683w, https:\/\/cmecursos.com.br\/wp-content\/uploads\/2025\/07\/mulher-fazendo-tratamento-facial-200x300.jpg 200w, https:\/\/cmecursos.com.br\/wp-content\/uploads\/2025\/07\/mulher-fazendo-tratamento-facial-768x1152.jpg 768w, https:\/\/cmecursos.com.br\/wp-content\/uploads\/2025\/07\/mulher-fazendo-tratamento-facial-1024x1536.jpg 1024w, https:\/\/cmecursos.com.br\/wp-content\/uploads\/2025\/07\/mulher-fazendo-tratamento-facial-1365x2048.jpg 1365w, https:\/\/cmecursos.com.br\/wp-content\/uploads\/2025\/07\/mulher-fazendo-tratamento-facial-scaled.jpg 1707w\" sizes=\"(max-width: 683px) 100vw, 683px\" \/>\t\t\t\t\t\t\t\t\t\t\t\t\t\t\t<\/div>\n\t\t\t\t<\/div>\n\t\t\t\t<div class=\"elementor-element elementor-element-f32a4df elementor-widget elementor-widget-heading\" data-id=\"f32a4df\" data-element_type=\"widget\" data-e-type=\"widget\" data-widget_type=\"heading.default\">\n\t\t\t\t<div class=\"elementor-widget-container\">\n\t\t\t\t\t<h2 class=\"elementor-heading-title elementor-size-default\"><a href=\"https:\/\/cmecursos.com.br\/index.php\/especializcao-biomedicina-estetica\/\">P\u00f3s-gradua\u00e7\u00e3o em Biomedicina Est\u00e9tica<\/a><\/h2>\t\t\t\t<\/div>\n\t\t\t\t<\/div>\n\t\t\t\t<div class=\"elementor-element elementor-element-e1ff209 elementor-button-success elementor-widget elementor-widget-button\" data-id=\"e1ff209\" data-element_type=\"widget\" data-e-type=\"widget\" data-widget_type=\"button.default\">\n\t\t\t\t<div class=\"elementor-widget-container\">\n\t\t\t\t\t\t\t\t\t<div class=\"elementor-button-wrapper\">\n\t\t\t\t\t<a class=\"elementor-button elementor-button-link elementor-size-md\" href=\"https:\/\/cmecursos.com.br\/index.php\/especializcao-biomedicina-estetica\/\">\n\t\t\t\t\t\t<span class=\"elementor-button-content-wrapper\">\n\t\t\t\t\t\t\t\t\t<span class=\"elementor-button-text\">Ver mais<\/span>\n\t\t\t\t\t<\/span>\n\t\t\t\t\t<\/a>\n\t\t\t\t<\/div>\n\t\t\t\t\t\t\t\t<\/div>\n\t\t\t\t<\/div>\n\t\t\t\t<\/div>\n\t\t<div class=\"elementor-element elementor-element-84c6c49 e-con-full e-flex e-con e-child\" data-id=\"84c6c49\" data-element_type=\"container\" data-e-type=\"container\">\n\t\t\t\t<div class=\"elementor-element elementor-element-6df3776 elementor-widget elementor-widget-text-editor\" data-id=\"6df3776\" data-element_type=\"widget\" data-e-type=\"widget\" data-widget_type=\"text-editor.default\">\n\t\t\t\t<div class=\"elementor-widget-container\">\n\t\t\t\t\t\t\t\t\t<h2>Quais s\u00e3o os diferenciais desta P\u00f3s-gradua\u00e7\u00e3o?<\/h2>\n<p style=\"text-align:justify\"><span style=\"font-size:12.0pt; line-height:107%\">Regulamentada desde 2011, a Biomedicina Est\u00e9tica consolidou-se como uma das \u00e1reas mais promissoras e inovadoras do setor da sa\u00fade e bem-estar, ocupando um espa\u00e7o relevante nos atendimentos est\u00e9ticos corporais e faciais. A atua\u00e7\u00e3o do Biom\u00e9dico Esteta exige forma\u00e7\u00e3o t\u00e9cnico-cient\u00edfica de excel\u00eancia, capacitando o profissional para realizar procedimentos invasivos n\u00e3o cir\u00fargicos com seguran\u00e7a, \u00e9tica e efic\u00e1cia. Mais do que dominar protocolos est\u00e9ticos avan\u00e7ados, o biom\u00e9dico que escolhe essa especializa\u00e7\u00e3o tamb\u00e9m se torna apto a empreender, gerenciar seu pr\u00f3prio neg\u00f3cio e oferecer solu\u00e7\u00f5es que acompanham as tend\u00eancias do mercado e as expectativas dos pacientes. Se voc\u00ea busca uma forma\u00e7\u00e3o completa, com foco na pr\u00e1tica, inova\u00e7\u00e3o e empreendedorismo, venha fazer parte desta jornada. Escolha a P\u00f3s-Gradua\u00e7\u00e3o em Biomedicina Est\u00e9tica da Faculdade Ebramec. Nosso maior&nbsp;objetivo \u00e9 garantir que voc\u00ea construa uma carreira s\u00f3lida e de sucesso no&nbsp;din\u00e2mico e promissor mercado da est\u00e9tica.<\/span><\/p>\n<p style=\"text-align:justify\"><b style=\"text-align: center; font-size: 1rem;\"><span style=\"font-size:12.0pt;line-height:107%\">Conte conosco para impulsionar seu crescimento profissional!<\/span><\/b><\/p>\n<p class=\"MsoNormal\"><b><span style=\"font-size:12.0pt;line-height:107%\">Diferenciais do curso: <o:p><\/o:p><\/span><\/b><\/p>\n<p style=\"text-align:justify\">\n<\/p><ul style=\"margin-top:0cm\" type=\"disc\">\n<li class=\"MsoNormal\" style=\"margin-bottom:0cm;mso-list:l0 level1 lfo1\"><span style=\"font-size:12.0pt;line-height:107%\">Corpo docente altamente&nbsp;qualificado, multidisciplinar e atuante no mercado; <o:p><\/o:p><\/span><\/li>\n<li class=\"MsoNormal\" style=\"margin-bottom:0cm;mso-list:l0 level1 lfo1\"><span style=\"font-size:12.0pt;line-height:107%\">Infraestrutura cl\u00ednica totalmente equipada; <o:p><\/o:p><\/span><\/li>\n<li class=\"MsoNormal\" style=\"margin-bottom:0cm;mso-list:l0 level1 lfo1\"><span style=\"font-size:12.0pt;line-height:107%\">Conte\u00fado te\u00f3rico abrangente e&nbsp;atualizado; <o:p><\/o:p><\/span><\/li>\n<li class=\"MsoNormal\" style=\"margin-bottom:0cm;mso-list:l0 level1 lfo1\"><span style=\"font-size:12.0pt;line-height:107%\">Aulas te\u00f3rico-pr\u00e1ticas com uso&nbsp;de tecnologias est\u00e9ticas atuais e avan\u00e7adas para uma forma\u00e7\u00e3o pr\u00e1tica e&nbsp;imediata; <o:p><\/o:p><\/span><\/li>\n<li class=\"MsoNormal\" style=\"margin-bottom:0cm;mso-list:l0 level1 lfo1\"><span style=\"font-size:12.0pt;line-height:107%\">Aulas pr\u00e1ticas com atendimento&nbsp;ao p\u00fablico;<o:p><\/o:p><\/span><\/li>\n<li class=\"MsoNormal\" style=\"margin-bottom:0cm;mso-list:l0 level1 lfo1\"><span style=\"font-size:12.0pt;line-height:107%\">Mais de 130 horas de pr\u00e1tica&nbsp;cl\u00ednica;<o:p><\/o:p><\/span><\/li>\n<li class=\"MsoNormal\" style=\"margin-bottom:0cm;mso-list:l0 level1 lfo1\"><span style=\"font-size:12.0pt;line-height:107%\">Qualifica\u00e7\u00e3o, ao final do curso,&nbsp;em ozonioterapia.<o:p><\/o:p><\/span><\/li>\n<\/ul>\t\t\t\t\t\t\t\t<\/div>\n\t\t\t\t<\/div>\n\t\t\t\t<\/div>\n\t\t\t\t\t<\/div>\n\t\t\t\t<\/div>\n\t\t<div class=\"elementor-element elementor-element-33f2327 e-flex e-con-boxed e-con e-parent\" data-id=\"33f2327\" data-element_type=\"container\" data-e-type=\"container\">\n\t\t\t\t\t<div class=\"e-con-inner\">\n\t\t\t\t\t<\/div>\n\t\t\t\t<\/div>\n\t\t\t\t<\/div>\n\t\t","protected":false},"excerpt":{"rendered":"<p>Especializa\u00e7\u00e3o Lato Sensu P\u00f3s-gradua\u00e7\u00e3o em Fisioterapia Ortop\u00e9dica com Capacita\u00e7\u00e3o em Terapia Manual e Exerc\u00edcios Terap\u00eauticos Ver mais O que voc\u00ea vai encontrar nesta P\u00f3s-gradua\u00e7\u00e3o? \u00a0 O curso de P\u00f3s-Gradua\u00e7\u00e3o em Fisioterapia Ortop\u00e9dica com Capacita\u00e7\u00e3o em Terapia Manual e Exerc\u00edcios Terap\u00eauticos foi cuidadosamente estruturado para oferecer ao fisioterapeuta uma forma\u00e7\u00e3o s\u00f3lida, atualizada e altamente aplic\u00e1vel \u00e0 [&hellip;]<\/p>\n","protected":false},"author":1,"featured_media":0,"parent":0,"menu_order":0,"comment_status":"closed","ping_status":"closed","template":"","meta":{"_joinchat":[],"footnotes":""},"class_list":["post-115","page","type-page","status-publish","hentry"],"_links":{"self":[{"href":"https:\/\/cmecursos.com.br\/index.php\/wp-json\/wp\/v2\/pages\/115","targetHints":{"allow":["GET"]}}],"collection":[{"href":"https:\/\/cmecursos.com.br\/index.php\/wp-json\/wp\/v2\/pages"}],"about":[{"href":"https:\/\/cmecursos.com.br\/index.php\/wp-json\/wp\/v2\/types\/page"}],"author":[{"embeddable":true,"href":"https:\/\/cmecursos.com.br\/index.php\/wp-json\/wp\/v2\/users\/1"}],"replies":[{"embeddable":true,"href":"https:\/\/cmecursos.com.br\/index.php\/wp-json\/wp\/v2\/comments?post=115"}],"version-history":[{"count":50,"href":"https:\/\/cmecursos.com.br\/index.php\/wp-json\/wp\/v2\/pages\/115\/revisions"}],"predecessor-version":[{"id":806,"href":"https:\/\/cmecursos.com.br\/index.php\/wp-json\/wp\/v2\/pages\/115\/revisions\/806"}],"wp:attachment":[{"href":"https:\/\/cmecursos.com.br\/index.php\/wp-json\/wp\/v2\/media?parent=115"}],"curies":[{"name":"wp","href":"https:\/\/api.w.org\/{rel}","templated":true}]}}